{"id":857,"date":"2021-09-02T21:37:42","date_gmt":"2021-09-03T01:37:42","guid":{"rendered":"https:\/\/qgmedizin.cl\/?post_type=product&#038;p=857"},"modified":"2026-04-11T13:10:55","modified_gmt":"2026-04-11T17:10:55","slug":"aposito-espuma-plata-no-adhesiva-10x10pack-3-unidades","status":"publish","type":"product","link":"https:\/\/qgmedizin.cl\/?product=aposito-espuma-plata-no-adhesiva-10x10pack-3-unidades","title":{"rendered":"Ap\u00f3sito Espuma con plata, no adhesiva 10&#215;10"},"content":{"rendered":"<p><strong>\u00a0\u00a0\u00a0\u00a0\u00a0\u00a0\u00a0\u00a0\u00a0\u00a0\u00a0\u00a0\u00a0\u00a0\u00a0\u00a0\u00a0 \u00a0\u00a0\u00a0\u00a0\u00a0\u00a0\u00a0\u00a0\u00a0\u00a0\u00a0<\/strong><strong>Ap\u00f3sito espuma hidr\u00f3fila con plata 10 x 10\u00a0\u00a0\u00a0\u00a0\u00a0\u00a0\u00a0\u00a0 <\/strong><\/p>\n<p><strong>\u00a0<\/strong><strong>Descripci\u00f3n<\/strong><\/p>\n<p>El ap\u00f3sito de espuma con plata no adhesivo est\u00e9ril desechable, de textura suave y alta absorci\u00f3n de l\u00edquidos. Proporciona un control de exudado al ser hidrof\u00edlica, es decir atrae el agua y la liberaci\u00f3n de plata i\u00f3nica, proporcionando efectos antibacterianos bacteriost\u00e1ticos.<\/p>\n<p>&nbsp;<\/p>\n<p><strong>Principio B\u00e1sico<\/strong><\/p>\n<p>El ap\u00f3sito de espuma de plata no adhesivo puede formar y mantener un ambiente h\u00famedo para la cicatrizaci\u00f3n de heridas.\u00a0Cuando la herida tiene un gran drenaje de filtraci\u00f3n de l\u00edquido, el ap\u00f3sito absorbe y evita el crecimiento bacteriano.<\/p>\n<p><strong>Usos e indicaciones:<\/strong><\/p>\n<ol>\n<li>Heridas o lesiones, quemaduras, ulcera de pie diab\u00e9tico con exudado moderado a abundante.<\/li>\n<li>heridas seg\u00fan Vacab (valorizaci\u00f3n de carga bacteriana FINDH), en colonizaci\u00f3n baja con exudado moderado a abundante, y colonizaci\u00f3n critica con exudado moderado a abundante por su capacidad bacteriost\u00e1tica.<\/li>\n<li>El tiempo m\u00e1ximo de uso son 72 hrs<\/li>\n<li>El ap\u00f3sito de espuma con plata puede inhibir hasta el 99,99% de un amplio espectro de infecciones.<\/li>\n<\/ol>\n<p><strong>Ventajas:<\/strong><\/p>\n<ul>\n<li>F\u00e1cil de aplicar<\/li>\n<li>Comienza a actuar de inmediato.<\/li>\n<\/ul>\n<p><strong>T\u00e9cnica:<\/strong><\/p>\n<p>Despu\u00e9s de realizar el lavado por arrastre mec\u00e1nico, se aplica el ap\u00f3sito de espuma en la herida. En el momento de la retirada, hidratarla previamente ya que esta se adhiere fuertemente por su capacidad de absorci\u00f3n, con el fin de evitar trauma.<\/p>\n<hr \/>\n<p>Certificaci\u00f3n:\u00a0 ISO 13485 &#8211; FDA\u00a0 \/ Est\u00e9ril R<\/p>\n","protected":false},"excerpt":{"rendered":"<p>Ap\u00f3sito Espuma Plata no adhesiva 10&#215;10<\/p>\n","protected":false},"featured_media":771,"template":"","meta":[],"product_brand":[],"product_cat":[29],"product_tag":[],"class_list":{"0":"post-857","1":"product","2":"type-product","3":"status-publish","4":"has-post-thumbnail","6":"product_cat-apositos-de-espuma","8":"first","9":"instock","10":"shipping-taxable","11":"purchasable","12":"product-type-simple"},"_links":{"self":[{"href":"https:\/\/qgmedizin.cl\/index.php?rest_route=\/wp\/v2\/product\/857","targetHints":{"allow":["GET"]}}],"collection":[{"href":"https:\/\/qgmedizin.cl\/index.php?rest_route=\/wp\/v2\/product"}],"about":[{"href":"https:\/\/qgmedizin.cl\/index.php?rest_route=\/wp\/v2\/types\/product"}],"version-history":[{"count":3,"href":"https:\/\/qgmedizin.cl\/index.php?rest_route=\/wp\/v2\/product\/857\/revisions"}],"predecessor-version":[{"id":1816,"href":"https:\/\/qgmedizin.cl\/index.php?rest_route=\/wp\/v2\/product\/857\/revisions\/1816"}],"wp:featuredmedia":[{"embeddable":true,"href":"https:\/\/qgmedizin.cl\/index.php?rest_route=\/wp\/v2\/media\/771"}],"wp:attachment":[{"href":"https:\/\/qgmedizin.cl\/index.php?rest_route=%2Fwp%2Fv2%2Fmedia&parent=857"}],"wp:term":[{"taxonomy":"product_brand","embeddable":true,"href":"https:\/\/qgmedizin.cl\/index.php?rest_route=%2Fwp%2Fv2%2Fproduct_brand&post=857"},{"taxonomy":"product_cat","embeddable":true,"href":"https:\/\/qgmedizin.cl\/index.php?rest_route=%2Fwp%2Fv2%2Fproduct_cat&post=857"},{"taxonomy":"product_tag","embeddable":true,"href":"https:\/\/qgmedizin.cl\/index.php?rest_route=%2Fwp%2Fv2%2Fproduct_tag&post=857"}],"curies":[{"name":"wp","href":"https:\/\/api.w.org\/{rel}","templated":true}]}}