{"id":443,"date":"2020-10-26T19:37:11","date_gmt":"2020-10-26T23:37:11","guid":{"rendered":"https:\/\/qgmedizin.cl\/?post_type=product&#038;p=443"},"modified":"2026-04-11T13:11:55","modified_gmt":"2026-04-11T17:11:55","slug":"gasa-semi-elastica-12-cms-x-4-mts","status":"publish","type":"product","link":"https:\/\/qgmedizin.cl\/?product=gasa-semi-elastica-12-cms-x-4-mts","title":{"rendered":"Pack 12 u\/n Venda de gasa Semi El\u00e1stica 10cm x 4mt"},"content":{"rendered":"<h3><strong>Descripci\u00f3n<\/strong><\/h3>\n<p>Pack 12 unidades -Venda de gasa semi el\u00e1stica con alto contenido en algod\u00f3n. Sin l\u00e1tex en la f\u00f3rmula.<\/p>\n<hr \/>\n<h3><strong>Caracter\u00edsticas<\/strong><\/h3>\n<p>\u2022\u00a0Uso prolongado<br \/>\n\u2022 Est\u00e1 conformada por fibras naturales que facilitan la absorci\u00f3n<br \/>\n\u2022\u00a0Fijaci\u00f3n de ap\u00f3sitos en cualquier zona del cuerpo<br \/>\n\u2022 Pack de 12 unidades<\/p>\n<hr \/>\n<p>&nbsp;<\/p>\n","protected":false},"excerpt":{"rendered":"<p>Venda de gasa Semi El\u00e1stica 10cm x 4mt<\/p>\n","protected":false},"featured_media":1761,"template":"","meta":[],"product_brand":[],"product_cat":[32],"product_tag":[],"class_list":{"0":"post-443","1":"product","2":"type-product","3":"status-publish","4":"has-post-thumbnail","6":"product_cat-gasas-compuestas","8":"first","9":"instock","10":"shipping-taxable","11":"purchasable","12":"product-type-simple"},"_links":{"self":[{"href":"https:\/\/qgmedizin.cl\/index.php?rest_route=\/wp\/v2\/product\/443","targetHints":{"allow":["GET"]}}],"collection":[{"href":"https:\/\/qgmedizin.cl\/index.php?rest_route=\/wp\/v2\/product"}],"about":[{"href":"https:\/\/qgmedizin.cl\/index.php?rest_route=\/wp\/v2\/types\/product"}],"version-history":[{"count":3,"href":"https:\/\/qgmedizin.cl\/index.php?rest_route=\/wp\/v2\/product\/443\/revisions"}],"predecessor-version":[{"id":1762,"href":"https:\/\/qgmedizin.cl\/index.php?rest_route=\/wp\/v2\/product\/443\/revisions\/1762"}],"wp:featuredmedia":[{"embeddable":true,"href":"https:\/\/qgmedizin.cl\/index.php?rest_route=\/wp\/v2\/media\/1761"}],"wp:attachment":[{"href":"https:\/\/qgmedizin.cl\/index.php?rest_route=%2Fwp%2Fv2%2Fmedia&parent=443"}],"wp:term":[{"taxonomy":"product_brand","embeddable":true,"href":"https:\/\/qgmedizin.cl\/index.php?rest_route=%2Fwp%2Fv2%2Fproduct_brand&post=443"},{"taxonomy":"product_cat","embeddable":true,"href":"https:\/\/qgmedizin.cl\/index.php?rest_route=%2Fwp%2Fv2%2Fproduct_cat&post=443"},{"taxonomy":"product_tag","embeddable":true,"href":"https:\/\/qgmedizin.cl\/index.php?rest_route=%2Fwp%2Fv2%2Fproduct_tag&post=443"}],"curies":[{"name":"wp","href":"https:\/\/api.w.org\/{rel}","templated":true}]}}