{"id":417,"date":"2020-10-26T18:56:55","date_gmt":"2020-10-26T22:56:55","guid":{"rendered":"https:\/\/qgmedizin.cl\/?post_type=product&#038;p=417"},"modified":"2024-12-25T19:04:18","modified_gmt":"2024-12-25T23:04:18","slug":"aposito-de-hidrocoloide-sacro-con-adhesivo-suave","status":"publish","type":"product","link":"https:\/\/qgmedizin.cl\/?product=aposito-de-hidrocoloide-sacro-con-adhesivo-suave","title":{"rendered":"Ap\u00f3sito Hidrocoloide Sacro 14cm x 18cm con adhesivo suave"},"content":{"rendered":"<p><strong>\u00a0 \u00a0 \u00a0 \u00a0 \u00a0 \u00a0 \u00a0 \u00a0 \u00a0 \u00a0 \u00a0 \u00a0 \u00a0 \u00a0 \u00a0 \u00a0 \u00a0 \u00a0 \u00a0 \u00a0 \u00a0 \u00a0 \u00a0 \u00a0 \u00a0 \u00a0 \u00a0 \u00a0 \u00a0 \u00a0 \u00a0 \u00a0 \u00a0Ap\u00f3sito de hidrocoloide sacro\u00a0 14cm x 18cm\u00a0\u00a0\u00a0\u00a0\u00a0 <\/strong><\/p>\n<p><strong>\u00a0<\/strong><strong>Descripci\u00f3n:<\/strong><\/p>\n<p>Ap\u00f3sito hidrocoloide formado con pol\u00edmeros absorbentes formadores de gel y mezcla de un 30% de alginato de calcio en su f\u00f3rmula, lo que lo hace altamente absorbente Ap\u00f3sito Hidrocoloide con formulaci\u00f3n \u00fanica de Alginato, que no se derrite, ni deja residuos desechables en la herida. Presentaci\u00f3n est\u00e9ril.<\/p>\n<p><strong>Presentaci\u00f3n<\/strong><\/p>\n<ul>\n<li>Ap\u00f3sito hidrocoloide m\u00e1s alginato de calcio<\/li>\n<\/ul>\n<p><strong>Composici\u00f3n <\/strong><\/p>\n<ul>\n<li>Carboximetil-celulosa .<\/li>\n<li>Adhesivos de Polisobutileno.<\/li>\n<\/ul>\n<p><strong>C\u00f3mo act\u00faan <\/strong><\/p>\n<p>La absorci\u00f3n de fluidos ocurre lentamente inicialmente a trav\u00e9s de la absorci\u00f3n de las part\u00edculas del ap\u00f3sito, permitiendo crear un gel suave, no adherente sobre la herida.<\/p>\n<p>El sello totalmente oclusivo de los hidrocoloides a\u00edsla el \u00e1rea de la herida manteniendo la humedad adentro y los fluidos y bacterias fuera. Esto limita el intercambio de gas entre la herida y el medio ambiente.<\/p>\n<p><strong>Indicaciones<\/strong><\/p>\n<ul>\n<li>Heridas limpias de grado 1-2-3<\/li>\n<li>Ulceras por presi\u00f3n, laceraciones y abrasiones<\/li>\n<li>Zonas donantes<\/li>\n<li>Quemaduras de 1er. y 2do. Grado limpi<\/li>\n<li>Desbridamiento autol\u00edtico en heridas limpias.<\/li>\n<li>Protecci\u00f3n puntos de apoyo de roce y fricci\u00f3n.<\/li>\n<li>Favorecer granulaci\u00f3n y epitelizaci\u00f3n en heridas y \u00falceras sin infecci\u00f3n.<\/li>\n<li>Quemaduras Tipo A sin Infecci\u00f3n.<\/li>\n<\/ul>\n<p><strong>Frecuencia de cambios<\/strong>:<\/p>\n<ul>\n<li>Cambio en heridas limpias cada 3 d\u00edas, dependiendo del grado de exuda<\/li>\n<li>En caso de desbridamiento de heridas limpias cada 48-72 hora<\/li>\n<li>Hasta 3-4 d\u00edas como ap\u00f3sito de debridamiento autol\u00edtico.<\/li>\n<li>En prevenci\u00f3n de ulceras por presi\u00f3n, cada 7 d\u00eda<\/li>\n<\/ul>\n<p><strong>Precauciones<\/strong><\/p>\n<ul>\n<li>Contraindicado en heridas infectadas con exudado abundante y quemaduras de 3er grado<\/li>\n<li>Heridas con tend\u00f3n o hueso expuesto.<\/li>\n<li>Heridas con vasculitis activa (ej: lupus).<\/li>\n<\/ul>\n<p>Certificaci\u00f3n:\u00a0 ISO 13485 &#8211; CE<\/p>\n","protected":false},"excerpt":{"rendered":"<p>\u00a0 \u00a0 \u00a0 \u00a0 \u00a0 \u00a0 \u00a0 \u00a0 \u00a0 \u00a0 \u00a0 \u00a0 \u00a0 \u00a0 \u00a0 \u00a0 \u00a0 \u00a0 \u00a0 \u00a0 \u00a0 \u00a0 \u00a0 \u00a0 \u00a0 \u00a0 \u00a0 \u00a0 \u00a0 \u00a0 \u00a0 \u00a0 \u00a0Ap\u00f3sito de hidrocoloide sacro\u00a0 14cm x 18cm\u00a0\u00a0\u00a0\u00a0\u00a0 \u00a0Descripci\u00f3n: Ap\u00f3sito hidrocoloide formado con pol\u00edmeros absorbentes formadores de gel y mezcla de un 30% de [&hellip;]<\/p>\n","protected":false},"featured_media":1831,"template":"","meta":[],"product_brand":[],"product_cat":[25],"product_tag":[24],"class_list":{"0":"post-417","1":"product","2":"type-product","3":"status-publish","4":"has-post-thumbnail","6":"product_cat-apositos-de-hidrocoloides","7":"product_tag-aposito","9":"first","10":"instock","11":"shipping-taxable","12":"purchasable","13":"product-type-simple"},"_links":{"self":[{"href":"https:\/\/qgmedizin.cl\/index.php?rest_route=\/wp\/v2\/product\/417","targetHints":{"allow":["GET"]}}],"collection":[{"href":"https:\/\/qgmedizin.cl\/index.php?rest_route=\/wp\/v2\/product"}],"about":[{"href":"https:\/\/qgmedizin.cl\/index.php?rest_route=\/wp\/v2\/types\/product"}],"version-history":[{"count":4,"href":"https:\/\/qgmedizin.cl\/index.php?rest_route=\/wp\/v2\/product\/417\/revisions"}],"predecessor-version":[{"id":1825,"href":"https:\/\/qgmedizin.cl\/index.php?rest_route=\/wp\/v2\/product\/417\/revisions\/1825"}],"wp:featuredmedia":[{"embeddable":true,"href":"https:\/\/qgmedizin.cl\/index.php?rest_route=\/wp\/v2\/media\/1831"}],"wp:attachment":[{"href":"https:\/\/qgmedizin.cl\/index.php?rest_route=%2Fwp%2Fv2%2Fmedia&parent=417"}],"wp:term":[{"taxonomy":"product_brand","embeddable":true,"href":"https:\/\/qgmedizin.cl\/index.php?rest_route=%2Fwp%2Fv2%2Fproduct_brand&post=417"},{"taxonomy":"product_cat","embeddable":true,"href":"https:\/\/qgmedizin.cl\/index.php?rest_route=%2Fwp%2Fv2%2Fproduct_cat&post=417"},{"taxonomy":"product_tag","embeddable":true,"href":"https:\/\/qgmedizin.cl\/index.php?rest_route=%2Fwp%2Fv2%2Fproduct_tag&post=417"}],"curies":[{"name":"wp","href":"https:\/\/api.w.org\/{rel}","templated":true}]}}