{"id":406,"date":"2020-10-26T18:36:38","date_gmt":"2020-10-26T22:36:38","guid":{"rendered":"https:\/\/qgmedizin.cl\/?post_type=product&#038;p=406"},"modified":"2026-04-11T14:02:12","modified_gmt":"2026-04-11T18:02:12","slug":"aposito-de-plata-10-x-10-cms","status":"publish","type":"product","link":"https:\/\/qgmedizin.cl\/?product=aposito-de-plata-10-x-10-cms","title":{"rendered":"Ap\u00f3sito carb\u00f3n mas plata 10 x 10, caja x 5 unidades"},"content":{"rendered":"<p><strong>\u00a0 \u00a0 \u00a0 \u00a0 \u00a0 \u00a0 \u00a0 \u00a0 \u00a0 \u00a0 \u00a0 \u00a0 \u00a0 \u00a0 \u00a0 \u00a0 \u00a0 \u00a0 \u00a0 \u00a0 \u00a0 \u00a0 \u00a0 \u00a0 \u00a0 \u00a0 \u00a0 \u00a0 \u00a0 \u00a0 \u00a0 \u00a0 Ap\u00f3sito carb\u00f3n mas plata 10 x 10, caja x 5 unidades<\/strong><strong>\u00a0 \u00a0<\/strong><\/p>\n<p>El ap\u00f3sito de tela de carb\u00f3n activado con plata consta de tres capas,\u00a0tela no tejida de PET, tela de fibra de carb\u00f3n activado con plata y pel\u00edcula de PE. Cuando\u00a0el ap\u00f3sito entra en contacto con los exudados de la herida absorbe agua con sangre y bacterias. Las propiedades del ap\u00f3sito proporcionan un\u00a0ambiente h\u00famedo para la herida contribuyendo al proceso de cicatrizaci\u00f3n. este ap\u00f3sito libera iones de plata al mismo tiempo, destruye\u00a0la membrana celular y el n\u00facleo de las bacterias logrando un efecto de esterilizaci\u00f3n.<\/p>\n<p><strong>\u00a0<\/strong><\/p>\n<p><strong>Caracter\u00edsticas <\/strong><\/p>\n<p><strong>\u00a0<\/strong><\/p>\n<ul>\n<li>Ofrece una barrera eficaz contra la penetraci\u00f3n bacteriana<\/li>\n<li>El carb\u00f3n activado absorbe los olores molestos que se originan en la herida, ya que atrapa las bacterias y toxinas bacterianas.<\/li>\n<li>El efecto antibi\u00f3tico de la plata reduce el riesgo de infecci\u00f3n<\/li>\n<li>La almohadilla absorbente sin trama ofrece una absorci\u00f3n r\u00e1pida y controla de los exudados leves.<\/li>\n<li>Esta indicado como ap\u00f3sito primario, ya que la red de polietileno con plata solo funciona en contacto con exudados de la herida.<\/li>\n<\/ul>\n<p><strong>Usos del ap\u00f3sito <\/strong><\/p>\n<p><strong>\u00a0<\/strong><\/p>\n<ul>\n<li>Lesiones por presi\u00f3n, heridas quir\u00fargicas<\/li>\n<li>Ulceras diab\u00e9ticas , \u00dalceras varicosas.<\/li>\n<li>Quemaduras de primer y segundo grado<\/li>\n<li>Heridas en zona donante de piel y zonas de injerto de piel.<\/li>\n<li>Heridas causadas por tumores o quimioterapia.<\/li>\n<\/ul>\n<p><strong>Contraindicaciones <\/strong><\/p>\n<p><strong>\u00a0<\/strong><\/p>\n<ul>\n<li>Sensibilidad a cualquier de los ingredientes del ap\u00f3sito.<\/li>\n<\/ul>\n<p><strong>Frecuencia de administraci\u00f3n <\/strong><\/p>\n<p><strong>\u00a0<\/strong><\/p>\n<ul>\n<li>Hasta 3 d\u00edas, dependiendo de la intensidad del exudado<\/li>\n<\/ul>\n<p>&nbsp;<\/p>\n<p><strong>Precauciones<\/strong><\/p>\n<ul>\n<li>Si aparece polvo en el paquete o se encuentra\u00a0polvo alrededor de la herida cuando se cambia el ap\u00f3sito.\u00a0Este\u00a0es un fen\u00f3meno normal de la fibra de carb\u00f3n activado, que\u00a0se puede eliminar con una soluci\u00f3n normal.<\/li>\n<li>Este producto es s\u00f3lo para aplicaci\u00f3n externa y no es reutilizable.<\/li>\n<li>Antes de usar este producto, si el embalaje est\u00e1 da\u00f1ado o\u00a0se produce alg\u00fan da\u00f1o en la estructura del ap\u00f3sito, comun\u00edquese con el servicio al cliente.<\/li>\n<li>Este producto no es adecuado para\u00a0heridas en etapa de sangrado agudo o dermatitis seborreica.<\/li>\n<\/ul>\n<p>&nbsp;<\/p>\n<p>&nbsp;<\/p>\n","protected":false},"excerpt":{"rendered":"<p>\u00a0 \u00a0 \u00a0 \u00a0 \u00a0 \u00a0 \u00a0 \u00a0 \u00a0 \u00a0 \u00a0 \u00a0 \u00a0 \u00a0 \u00a0 \u00a0 \u00a0 \u00a0 \u00a0 \u00a0 \u00a0 \u00a0 \u00a0 \u00a0 \u00a0 \u00a0 \u00a0 \u00a0 \u00a0 \u00a0 \u00a0 \u00a0 Ap\u00f3sito carb\u00f3n mas plata 10 x 10, caja x 5 unidades\u00a0 \u00a0 El ap\u00f3sito de tela de carb\u00f3n activado con plata consta de [&hellip;]<\/p>\n","protected":false},"featured_media":1979,"template":"","meta":[],"product_brand":[],"product_cat":[28],"product_tag":[],"class_list":{"0":"post-406","1":"product","2":"type-product","3":"status-publish","4":"has-post-thumbnail","6":"product_cat-apositos-de-alginato-y-plata","8":"first","9":"instock","10":"shipping-taxable","11":"purchasable","12":"product-type-simple"},"_links":{"self":[{"href":"https:\/\/qgmedizin.cl\/index.php?rest_route=\/wp\/v2\/product\/406","targetHints":{"allow":["GET"]}}],"collection":[{"href":"https:\/\/qgmedizin.cl\/index.php?rest_route=\/wp\/v2\/product"}],"about":[{"href":"https:\/\/qgmedizin.cl\/index.php?rest_route=\/wp\/v2\/types\/product"}],"version-history":[{"count":4,"href":"https:\/\/qgmedizin.cl\/index.php?rest_route=\/wp\/v2\/product\/406\/revisions"}],"predecessor-version":[{"id":1771,"href":"https:\/\/qgmedizin.cl\/index.php?rest_route=\/wp\/v2\/product\/406\/revisions\/1771"}],"wp:featuredmedia":[{"embeddable":true,"href":"https:\/\/qgmedizin.cl\/index.php?rest_route=\/wp\/v2\/media\/1979"}],"wp:attachment":[{"href":"https:\/\/qgmedizin.cl\/index.php?rest_route=%2Fwp%2Fv2%2Fmedia&parent=406"}],"wp:term":[{"taxonomy":"product_brand","embeddable":true,"href":"https:\/\/qgmedizin.cl\/index.php?rest_route=%2Fwp%2Fv2%2Fproduct_brand&post=406"},{"taxonomy":"product_cat","embeddable":true,"href":"https:\/\/qgmedizin.cl\/index.php?rest_route=%2Fwp%2Fv2%2Fproduct_cat&post=406"},{"taxonomy":"product_tag","embeddable":true,"href":"https:\/\/qgmedizin.cl\/index.php?rest_route=%2Fwp%2Fv2%2Fproduct_tag&post=406"}],"curies":[{"name":"wp","href":"https:\/\/api.w.org\/{rel}","templated":true}]}}