{"id":364,"date":"2020-10-26T16:05:49","date_gmt":"2020-10-26T20:05:49","guid":{"rendered":"https:\/\/qgmedizin.cl\/?post_type=product&#038;p=364"},"modified":"2026-04-11T13:19:40","modified_gmt":"2026-04-11T17:19:40","slug":"aposito-alginato-de-calcio","status":"publish","type":"product","link":"https:\/\/qgmedizin.cl\/?product=aposito-alginato-de-calcio","title":{"rendered":"Caja x 5 Ap\u00f3sito Alginato de calcio 10&#215;10"},"content":{"rendered":"<div class=\"elementor-element elementor-element-db57bc8 elementor-widget elementor-widget-heading\" data-id=\"db57bc8\" data-element_type=\"widget\" data-widget_type=\"heading.default\">\n<div class=\"elementor-widget-container\">\n<h3 class=\"elementor-heading-title elementor-size-large\">Presentaci\u00f3n<\/h3>\n<\/div>\n<\/div>\n<div class=\"elementor-element elementor-element-1a54b12 elementor-widget elementor-widget-text-editor\" data-id=\"1a54b12\" data-element_type=\"widget\" data-widget_type=\"text-editor.default\">\n<div class=\"elementor-widget-container\">\n<div class=\"elementor-text-editor elementor-clearfix\">\n<ul>\n<li>En envases esterilizados<\/li>\n<li>Envueltos en papel grado m\u00e9dico<\/li>\n<li>Ap\u00f3sitos y mechas diferentes dimensiones<\/li>\n<\/ul>\n<hr \/>\n<h3 class=\"elementor-heading-title elementor-size-large\">Medida<br \/>\n10 x 10 cms est\u00e9ril<\/h3>\n<hr \/>\n<div class=\"elementor-element elementor-element-afb9ee8 elementor-widget elementor-widget-heading\" data-id=\"afb9ee8\" data-element_type=\"widget\" data-widget_type=\"heading.default\">\n<div class=\"elementor-widget-container\">\n<h3 class=\"elementor-heading-title elementor-size-large\">Caracteristicas<\/h3>\n<\/div>\n<\/div>\n<div class=\"elementor-element elementor-element-5205042 elementor-widget elementor-widget-text-editor\" data-id=\"5205042\" data-element_type=\"widget\" data-widget_type=\"text-editor.default\">\n<div class=\"elementor-widget-container\">\n<div class=\"elementor-text-editor elementor-clearfix\">\n<ul>\n<li>Contenido de calcio: Ayuda en la hemostasia.<\/li>\n<li>Provee ambiente h\u00famedo para la cicatrizaci\u00f3n de la herida.<\/li>\n<li>Se adapta a los contornos.<\/li>\n<li>Absorbe hasta 20 veces su peso en exudado.<\/li>\n<li>No es oclusivo.<\/li>\n<li>Se aplica y retira con facilidad (sin dolor).<\/li>\n<li>Reduce la maceraci\u00f3n del tejido sano.<\/li>\n<\/ul>\n<hr \/>\n<div class=\"elementor-element elementor-element-7e0559c elementor-widget elementor-widget-heading\" data-id=\"7e0559c\" data-element_type=\"widget\" data-widget_type=\"heading.default\">\n<div class=\"elementor-widget-container\">\n<h3 class=\"elementor-heading-title elementor-size-large\">Indicaciones<\/h3>\n<\/div>\n<\/div>\n<div class=\"elementor-element elementor-element-f5ef6b3 elementor-widget elementor-widget-text-editor\" data-id=\"f5ef6b3\" data-element_type=\"widget\" data-widget_type=\"text-editor.default\">\n<div class=\"elementor-widget-container\">\n<div class=\"elementor-text-editor elementor-clearfix\">\n<ul>\n<li>\u00dalceras venosas o arteriales.<\/li>\n<li>\u00dalceras diab\u00e9ticas.<\/li>\n<li>Quemaduras con exudado moderado a abundante y\/o infectadas.<\/li>\n<li>Heridas traum\u00e1ticas.<\/li>\n<li>Zona dadora injerto.<\/li>\n<li>Abrasiones, laceraciones.<\/li>\n<li>Heridas con sangreamiento moderado en napa.<\/li>\n<\/ul>\n<\/div>\n<\/div>\n<\/div>\n<\/div>\n<\/div>\n<\/div>\n<\/div>\n<\/div>\n<\/div>\n","protected":false},"excerpt":{"rendered":"<p>Presentaci\u00f3n En envases esterilizados Envueltos en papel grado m\u00e9dico Ap\u00f3sitos y mechas diferentes dimensiones Medida 10 x 10 cms est\u00e9ril Caracteristicas Contenido de calcio: Ayuda en la hemostasia. Provee ambiente h\u00famedo para la cicatrizaci\u00f3n de la herida. Se adapta a los contornos. Absorbe hasta 20 veces su peso en exudado. No es oclusivo. Se aplica [&hellip;]<\/p>\n","protected":false},"featured_media":1724,"template":"","meta":[],"product_brand":[],"product_cat":[28],"product_tag":[],"class_list":{"0":"post-364","1":"product","2":"type-product","3":"status-publish","4":"has-post-thumbnail","6":"product_cat-apositos-de-alginato-y-plata","8":"first","9":"outofstock","10":"shipping-taxable","11":"purchasable","12":"product-type-simple"},"_links":{"self":[{"href":"https:\/\/qgmedizin.cl\/index.php?rest_route=\/wp\/v2\/product\/364","targetHints":{"allow":["GET"]}}],"collection":[{"href":"https:\/\/qgmedizin.cl\/index.php?rest_route=\/wp\/v2\/product"}],"about":[{"href":"https:\/\/qgmedizin.cl\/index.php?rest_route=\/wp\/v2\/types\/product"}],"version-history":[{"count":3,"href":"https:\/\/qgmedizin.cl\/index.php?rest_route=\/wp\/v2\/product\/364\/revisions"}],"predecessor-version":[{"id":1765,"href":"https:\/\/qgmedizin.cl\/index.php?rest_route=\/wp\/v2\/product\/364\/revisions\/1765"}],"wp:featuredmedia":[{"embeddable":true,"href":"https:\/\/qgmedizin.cl\/index.php?rest_route=\/wp\/v2\/media\/1724"}],"wp:attachment":[{"href":"https:\/\/qgmedizin.cl\/index.php?rest_route=%2Fwp%2Fv2%2Fmedia&parent=364"}],"wp:term":[{"taxonomy":"product_brand","embeddable":true,"href":"https:\/\/qgmedizin.cl\/index.php?rest_route=%2Fwp%2Fv2%2Fproduct_brand&post=364"},{"taxonomy":"product_cat","embeddable":true,"href":"https:\/\/qgmedizin.cl\/index.php?rest_route=%2Fwp%2Fv2%2Fproduct_cat&post=364"},{"taxonomy":"product_tag","embeddable":true,"href":"https:\/\/qgmedizin.cl\/index.php?rest_route=%2Fwp%2Fv2%2Fproduct_tag&post=364"}],"curies":[{"name":"wp","href":"https:\/\/api.w.org\/{rel}","templated":true}]}}