{"id":1694,"date":"2023-10-26T15:46:33","date_gmt":"2023-10-26T19:46:33","guid":{"rendered":"https:\/\/qgmedizin.cl\/?post_type=product&#038;p=1694"},"modified":"2026-04-11T21:09:32","modified_gmt":"2026-04-12T01:09:32","slug":"cinta-transparente-para-cicatrices-35cm-x-1-5mts","status":"publish","type":"product","link":"https:\/\/qgmedizin.cl\/?product=cinta-transparente-para-cicatrices-35cm-x-1-5mts","title":{"rendered":"Cinta silicona transparente para cicatrices 3,5cm x 1.5mts"},"content":{"rendered":"<h3>Cinta impermeable de silicona para el cuidado<br \/>\nde heridas para curar cicatrices, medida 3.5cm x 1.5mt<\/h3>\n<hr \/>\n<p><strong>TRATAMIENTO PARA CICATRICES CON SILICONA: <\/strong><\/p>\n<p>No es necesario realizar procedimientos quir\u00fargicos<br \/>\nde eliminaci\u00f3n de cicatrices; la silicona es el componente para el tratamiento de reducci\u00f3n de cicatrices<br \/>\nm\u00e1s recomendado por dermat\u00f3logos y cirujanos pl\u00e1sticos, encuestados por una empresa<br \/>\nindependiente de investigaci\u00f3n de mercado<\/p>\n<hr \/>\n<p><strong>TRATAMIENTO DE CICATRICES HIPERTR\u00d3FICAS Y QUELOIDES: <\/strong><\/p>\n<p>Reduce el enrojecimiento, la picaz\u00f3n y<br \/>\nlas molestias asociadas con las cicatrices, como las cicatrices hipertr\u00f3ficas y queloides resultantes de<br \/>\nlesiones, quemaduras, cirug\u00edas y m\u00e1s. Tambi\u00e9n ayuda con las cicatrices del acn\u00e9.<\/p>\n<p><strong>SUAVIZA LAS CICATRICES VIEJAS Y NUEVAS:<\/strong><\/p>\n<p>Las hojas de silicona para cicatrices ScarAway mejoran la<br \/>\napariencia de las cicatrices nuevas y viejas ,se pueden suavizar la cicatrices en solo d\u00edas, con una mejora<br \/>\nen la apariencia y la textura en tan solo 4-8 semanas, los resultados individuales pueden variar.<\/p>\n<hr \/>\n<p><strong>C\u00d3MODO TRATAMIENTO DE CICATRICES CORPORAL: <\/strong><\/p>\n<p>Las hojas de silicona ScarAway para cicatrices<br \/>\nest\u00e1n hechas de un tejido ultradelgado y transpirable para una comodidad \u00f3ptima en el tratamiento de<br \/>\ncicatrices. Estas hojas lavables y flexibles hidratan y suavizan la piel mientras protegen las cicatrices del<br \/>\nmovimiento diario, TRATAMIENTO DE CICATRICES CON APOYO CL\u00cdNICO: ScarAway es un tratamiento<br \/>\nde cicatrices con apoyo cl\u00ednico, con tecnolog\u00eda utilizada por hospitales,<br \/>\ncirujanos pl\u00e1sticos y centros de quemados para prevenir y tratar cicatrices.<br \/>\nAyuda a prevenir la formaci\u00f3n de nuevas cicatrices, mejora significativamente la apariencia de las<br \/>\ncicatrices existentes.<\/p>\n<hr \/>\n<h3><\/h3>\n","protected":false},"excerpt":{"rendered":"<p>Cinta impermeable de silicona para el cuidado de heridas para curar cicatrices, medida 3.5cm x 1.5mt TRATAMIENTO PARA CICATRICES CON SILICONA: No es necesario realizar procedimientos quir\u00fargicos de eliminaci\u00f3n de cicatrices; la silicona es el componente para el tratamiento de reducci\u00f3n de cicatrices m\u00e1s recomendado por dermat\u00f3logos y cirujanos pl\u00e1sticos, encuestados por una empresa independiente [&hellip;]<\/p>\n","protected":false},"featured_media":2006,"template":"","meta":[],"product_brand":[],"product_cat":[30],"product_tag":[],"class_list":{"0":"post-1694","1":"product","2":"type-product","3":"status-publish","4":"has-post-thumbnail","6":"product_cat-apositos-transparentes-y-cintas-fixomull","8":"first","9":"instock","10":"shipping-taxable","11":"purchasable","12":"product-type-simple"},"_links":{"self":[{"href":"https:\/\/qgmedizin.cl\/index.php?rest_route=\/wp\/v2\/product\/1694","targetHints":{"allow":["GET"]}}],"collection":[{"href":"https:\/\/qgmedizin.cl\/index.php?rest_route=\/wp\/v2\/product"}],"about":[{"href":"https:\/\/qgmedizin.cl\/index.php?rest_route=\/wp\/v2\/types\/product"}],"version-history":[{"count":2,"href":"https:\/\/qgmedizin.cl\/index.php?rest_route=\/wp\/v2\/product\/1694\/revisions"}],"predecessor-version":[{"id":1703,"href":"https:\/\/qgmedizin.cl\/index.php?rest_route=\/wp\/v2\/product\/1694\/revisions\/1703"}],"wp:featuredmedia":[{"embeddable":true,"href":"https:\/\/qgmedizin.cl\/index.php?rest_route=\/wp\/v2\/media\/2006"}],"wp:attachment":[{"href":"https:\/\/qgmedizin.cl\/index.php?rest_route=%2Fwp%2Fv2%2Fmedia&parent=1694"}],"wp:term":[{"taxonomy":"product_brand","embeddable":true,"href":"https:\/\/qgmedizin.cl\/index.php?rest_route=%2Fwp%2Fv2%2Fproduct_brand&post=1694"},{"taxonomy":"product_cat","embeddable":true,"href":"https:\/\/qgmedizin.cl\/index.php?rest_route=%2Fwp%2Fv2%2Fproduct_cat&post=1694"},{"taxonomy":"product_tag","embeddable":true,"href":"https:\/\/qgmedizin.cl\/index.php?rest_route=%2Fwp%2Fv2%2Fproduct_tag&post=1694"}],"curies":[{"name":"wp","href":"https:\/\/api.w.org\/{rel}","templated":true}]}}