{"id":1109,"date":"2022-05-07T13:00:41","date_gmt":"2022-05-07T17:00:41","guid":{"rendered":"https:\/\/qgmedizin.cl\/?post_type=product&#038;p=1109"},"modified":"2026-04-11T16:11:49","modified_gmt":"2026-04-11T20:11:49","slug":"fixomull-venda-adhesiva-no-tejida-5cm-x-10mt","status":"publish","type":"product","link":"https:\/\/qgmedizin.cl\/?product=fixomull-venda-adhesiva-no-tejida-5cm-x-10mt","title":{"rendered":"Cinta Adhesiva Stretch No Tejida 5cm x 10mt"},"content":{"rendered":"<p><strong>\u00a0 \u00a0 \u00a0 \u00a0 \u00a0 \u00a0 \u00a0 \u00a0 \u00a0 \u00a0 \u00a0 \u00a0 \u00a0 \u00a0 \u00a0 \u00a0 \u00a0 \u00a0 \u00a0 \u00a0 \u00a0 Cinta Adhesiva Stretch No Tejida 5cm x 10metros<\/strong><\/p>\n<p><strong>Descripci\u00f3n Producto:<\/strong><\/p>\n<p>Cinta Adhesiva\u00a0 \u00a0gasa no tejida de poli\u00e9ster blanca,<br \/>\nelasticada a lo ancho, recubierta por una cara por un adhesivo acr\u00edlico<br \/>\nhipoalerg\u00e9nico libre de latex . El \u00e1rea adhesiva est\u00e1 completamente cubierta de papel impreso siliconado.<\/p>\n<p><strong><br \/>\nCaracter\u00edsticas:<\/strong><\/p>\n<p>\u2022 Buen poder adhesivo inicial y permanente.<br \/>\n\u2022 Bien tolerado por la piel, incluso en pacientes con piel sensible.<br \/>\n\u2022 Se estira transversalmente, se ajusta bien en zonas contorneadas del cuerpo.<br \/>\n\u2022 Previene la constricci\u00f3n, congesti\u00f3n y alteraci\u00f3n de la circulaci\u00f3n de la sangre.<br \/>\n\u2022 Radiotransparente.<br \/>\n\u2022 Flexible.<br \/>\n\u2022 F\u00e1cil manejo.<br \/>\n\u2022 Permeable al aire y al vapor de agua.<br \/>\n\u2022 Qu\u00edmicamente inerte para caucho y pl\u00e1sticos.<br \/>\n\u2022 Almacenar en condiciones secas, alejado de la luz y el calor.<\/p>\n<p><strong>Recomendaciones de uso:<br \/>\n<\/strong><br \/>\nUtilizado para fijaci\u00f3n de ap\u00f3sitos en heridas, particularmente en<br \/>\narticulaciones, y tambi\u00e9n para fijaci\u00f3n segura de tubos, cat\u00e9teres, dispositivos<br \/>\ne instrumentos de medici\u00f3n.<\/p>\n<hr \/>\n<h3><strong>\u00a0<\/strong><\/h3>\n","protected":false},"excerpt":{"rendered":"<p>Cinta Adhesiva No Tejida\u00a0 5cm x 10mt<\/p>\n","protected":false},"featured_media":1998,"template":"","meta":[],"product_brand":[],"product_cat":[30],"product_tag":[],"class_list":{"0":"post-1109","1":"product","2":"type-product","3":"status-publish","4":"has-post-thumbnail","6":"product_cat-apositos-transparentes-y-cintas-fixomull","8":"first","9":"instock","10":"shipping-taxable","11":"purchasable","12":"product-type-simple"},"_links":{"self":[{"href":"https:\/\/qgmedizin.cl\/index.php?rest_route=\/wp\/v2\/product\/1109","targetHints":{"allow":["GET"]}}],"collection":[{"href":"https:\/\/qgmedizin.cl\/index.php?rest_route=\/wp\/v2\/product"}],"about":[{"href":"https:\/\/qgmedizin.cl\/index.php?rest_route=\/wp\/v2\/types\/product"}],"version-history":[{"count":3,"href":"https:\/\/qgmedizin.cl\/index.php?rest_route=\/wp\/v2\/product\/1109\/revisions"}],"predecessor-version":[{"id":1908,"href":"https:\/\/qgmedizin.cl\/index.php?rest_route=\/wp\/v2\/product\/1109\/revisions\/1908"}],"wp:featuredmedia":[{"embeddable":true,"href":"https:\/\/qgmedizin.cl\/index.php?rest_route=\/wp\/v2\/media\/1998"}],"wp:attachment":[{"href":"https:\/\/qgmedizin.cl\/index.php?rest_route=%2Fwp%2Fv2%2Fmedia&parent=1109"}],"wp:term":[{"taxonomy":"product_brand","embeddable":true,"href":"https:\/\/qgmedizin.cl\/index.php?rest_route=%2Fwp%2Fv2%2Fproduct_brand&post=1109"},{"taxonomy":"product_cat","embeddable":true,"href":"https:\/\/qgmedizin.cl\/index.php?rest_route=%2Fwp%2Fv2%2Fproduct_cat&post=1109"},{"taxonomy":"product_tag","embeddable":true,"href":"https:\/\/qgmedizin.cl\/index.php?rest_route=%2Fwp%2Fv2%2Fproduct_tag&post=1109"}],"curies":[{"name":"wp","href":"https:\/\/api.w.org\/{rel}","templated":true}]}}