{"id":1056,"date":"2022-02-15T19:15:51","date_gmt":"2022-02-15T23:15:51","guid":{"rendered":"https:\/\/qgmedizin.cl\/?post_type=product&#038;p=1056"},"modified":"2024-09-22T17:41:43","modified_gmt":"2024-09-22T21:41:43","slug":"gel-de-miel-medico-de-manuka-25grs","status":"publish","type":"product","link":"https:\/\/qgmedizin.cl\/?product=gel-de-miel-medico-de-manuka-25grs","title":{"rendered":"Gel de miel grado medico de Manuka 25grs."},"content":{"rendered":"<p><strong>Descripci\u00f3n:<\/strong><\/p>\n<p>Gel de miel 25 grs. de grado m\u00e9dico 100% de Leptospermum (Miel del \u00e1rbol de Manuka de Nueva Zelanda) para tratar infecciones y nutrir heridas, promoviendo el crecimiento de tejido granulatorio, act\u00faa como hiperosm\u00f3tico. Puede ser utilizados con ap\u00f3sito oclusivo absorbente, Ejemplo \u00a0ap\u00f3sitos de alginato de calcio o alginato de calcio con plata,\u00a0 ap\u00f3sitos de plata, ap\u00f3sito espuma el caso de mucha exudaci\u00f3n , estos tipos de ap\u00f3sitos m\u00e1s la miel de Manuka proporcionara todos los beneficios de la \u00a0miel aportando al cuerpo humano calcio, cobre, hierro, magnesio, manganeso, f\u00f3sforo, potasio, sodio y zinc. Pero eso no es todo, la miel de manuka contiene per\u00f3xido de hidr\u00f3geno y methylglyoxal (MGO), que hace que sea un potente antibacteriano, antis\u00e9ptico y antiinflamatorio.<\/p>\n<hr \/>\n<p><strong>Usos he indicaciones:<\/strong><\/p>\n<ul>\n<li>Heridas de espesor parcial y total, quemaduras de primer y segundo grado, abrasiones menores y laceraciones.<\/li>\n<li>Lesiones UPP, UPD, UV.<\/li>\n<li>Heridas seg\u00fan VACAB (valoraci\u00f3n carga bacteriana de la FINDH) con colonizaci\u00f3n baja o critica, sin exudaci\u00f3n o con exudaci\u00f3n m\u00ednima.<\/li>\n<li>Ayuda a promover la cicatrizaci\u00f3n h\u00fameda en heridas y quemaduras dif\u00edciles<\/li>\n<li>Ayuda en el desbridamiento autol\u00edtico<\/li>\n<li>Reducci\u00f3n de mal olor de la herida<\/li>\n<\/ul>\n<hr \/>\n<p><strong>Modo De Uso \/ Aplicaci\u00f3n<\/strong><\/p>\n<p>Enjuague la herida con un Limpiador y aplique el gel en el ap\u00f3sito recomendado por el profesional a cargo de la curaci\u00f3n.<\/p>\n<hr \/>\n<p><strong>Contraindicaciones<\/strong><\/p>\n<p>* No aplicar a pacientes con alergia a la miel y picaduras<\/p>\n<p>* Quemaduras de tercer grado<\/p>\n<p>*No aplicar a heridas de tercer grado<\/p>\n<p><strong>Frecuencia De Eliminaci\u00f3n y Cambio<\/strong><\/p>\n<p>C\u00e1mbielo entre 24 a 48 hrs, o si el ap\u00f3sito secundario se encuentra h\u00famedo c\u00e1mbielo de inmediato.<\/p>\n","protected":false},"excerpt":{"rendered":"<p>Gel de miel grado medico de Manuka 25grs.<\/p>\n","protected":false},"featured_media":1754,"template":"","meta":[],"product_brand":[],"product_cat":[20],"product_tag":[22],"class_list":{"0":"post-1056","1":"product","2":"type-product","3":"status-publish","4":"has-post-thumbnail","6":"product_cat-apositos-de-miel-manuka","7":"product_tag-tull-de-miel","9":"first","10":"instock","11":"shipping-taxable","12":"purchasable","13":"product-type-simple"},"_links":{"self":[{"href":"https:\/\/qgmedizin.cl\/index.php?rest_route=\/wp\/v2\/product\/1056","targetHints":{"allow":["GET"]}}],"collection":[{"href":"https:\/\/qgmedizin.cl\/index.php?rest_route=\/wp\/v2\/product"}],"about":[{"href":"https:\/\/qgmedizin.cl\/index.php?rest_route=\/wp\/v2\/types\/product"}],"version-history":[{"count":6,"href":"https:\/\/qgmedizin.cl\/index.php?rest_route=\/wp\/v2\/product\/1056\/revisions"}],"predecessor-version":[{"id":1814,"href":"https:\/\/qgmedizin.cl\/index.php?rest_route=\/wp\/v2\/product\/1056\/revisions\/1814"}],"wp:featuredmedia":[{"embeddable":true,"href":"https:\/\/qgmedizin.cl\/index.php?rest_route=\/wp\/v2\/media\/1754"}],"wp:attachment":[{"href":"https:\/\/qgmedizin.cl\/index.php?rest_route=%2Fwp%2Fv2%2Fmedia&parent=1056"}],"wp:term":[{"taxonomy":"product_brand","embeddable":true,"href":"https:\/\/qgmedizin.cl\/index.php?rest_route=%2Fwp%2Fv2%2Fproduct_brand&post=1056"},{"taxonomy":"product_cat","embeddable":true,"href":"https:\/\/qgmedizin.cl\/index.php?rest_route=%2Fwp%2Fv2%2Fproduct_cat&post=1056"},{"taxonomy":"product_tag","embeddable":true,"href":"https:\/\/qgmedizin.cl\/index.php?rest_route=%2Fwp%2Fv2%2Fproduct_tag&post=1056"}],"curies":[{"name":"wp","href":"https:\/\/api.w.org\/{rel}","templated":true}]}}